{"id":32,"date":"2025-08-11T12:41:00","date_gmt":"2025-08-11T12:41:00","guid":{"rendered":"http:\/\/mfu-section-rhone-loire\/?page_id=28"},"modified":"2025-12-17T19:11:04","modified_gmt":"2025-12-17T19:11:04","slug":"mentions-legales-mutuelle-rhone-loire","status":"publish","type":"page","link":"https:\/\/mfu-section-rhone-loire.fr\/index.php\/mentions-legales-mutuelle-rhone-loire\/","title":{"rendered":"Mentions l\u00e9gales"},"content":{"rendered":"\t\t<div data-elementor-type=\"wp-page\" data-elementor-id=\"32\" class=\"elementor elementor-32\" data-elementor-post-type=\"page\">\n\t\t\t\t<div class=\"elementor-element elementor-element-32914db e-flex e-con-boxed e-con e-parent\" data-id=\"32914db\" data-element_type=\"container\">\n\t\t\t\t\t<div class=\"e-con-inner\">\n\t\t\t\t<div class=\"elementor-element elementor-element-6e442c5 elementor-widget elementor-widget-heading\" data-id=\"6e442c5\" data-element_type=\"widget\" data-widget_type=\"heading.default\">\n\t\t\t\t\t<h2 class=\"elementor-heading-title elementor-size-default\">Mentions l\u00e9gales<\/h2>\t\t\t\t<\/div>\n\t\t\t\t<div class=\"elementor-element elementor-element-8f95181 elementor-widget elementor-widget-text-editor\" data-id=\"8f95181\" data-element_type=\"widget\" data-widget_type=\"text-editor.default\">\n\t\t\t\t\t\t\t\t\t<h5><strong>Mutuelle de France Unie &#8211; Section Rh\u00f4ne-Loire &amp; autres d\u00e9partements<\/strong><\/h5>\t\t\t\t\t\t\t\t<\/div>\n\t\t\t\t\t<\/div>\n\t\t\t\t<\/div>\n\t\t<div class=\"elementor-element elementor-element-56632f0 e-flex e-con-boxed e-con e-parent\" data-id=\"56632f0\" data-element_type=\"container\">\n\t\t\t\t\t<div class=\"e-con-inner\">\n\t\t\t\t<div class=\"elementor-element elementor-element-d3653fb elementor-widget elementor-widget-text-editor\" data-id=\"d3653fb\" data-element_type=\"widget\" data-widget_type=\"text-editor.default\">\n\t\t\t\t\t\t\t\t\t<p><em>Mise \u00e0 jour : le 16 Septembre 2025<\/em><\/p>\t\t\t\t\t\t\t\t<\/div>\n\t\t\t\t<div class=\"elementor-element elementor-element-685cb78 elementor-widget elementor-widget-text-editor\" data-id=\"685cb78\" data-element_type=\"widget\" data-widget_type=\"text-editor.default\">\n\t\t\t\t\t\t\t\t\t<h5><span style=\"text-decoration: underline;\"><strong>\u00c9diteur du site<\/strong><\/span><\/h5><p>Le pr\u00e9sent site internet, accessible \u00e0 l\u2019adresse : <strong>[URL du site de la section]<\/strong>, est \u00e9dit\u00e9 par :<\/p><ul><li><p><strong>Mutuelle de France Unie \u2013 Section Rh\u00f4ne-Loire &amp; autres d\u00e9partements<\/strong><\/p><\/li><li><p>Mutuelle soumise aux dispositions du Livre II du Code de la mutualit\u00e9<\/p><\/li><li><p>Si\u00e8ge social : <b>39 rue du Jourdil, 74960 CRAN-GEVRIER <\/b>\/ Si\u00e8ge de la Section : <strong>35 Boulevard Antonio Vivaldi, 42000 SAINT-\u00c9TIENNE<\/strong><\/p><\/li><li><p>Code APE<strong> : 6512Z &#8211; <\/strong>Num\u00e9ro Siren<strong> : <b>776 531 642<\/b> &#8211; <\/strong>LEI n\u00b0<strong> : 969500Q9Z20003ZQDH85.<\/strong><\/p><\/li><li><p>Responsable de publication : <strong>Mr. CHATAGNON Antoine, pr\u00e9sident de la Section<\/strong> &amp; <strong>Mme LE ROY Coralie, Alternante en Webdesigner UX\/UI &amp; Communication Digitale<\/strong> du 12\/03\/25 au 25\/08\/26.<\/p><\/li><li><p>Contact : <strong>mfurhoneloire@gmail.com \u2013<em>\u00a0St-\u00c9tienne &amp; Rive-de-Gier 04.77.59.57.20 &amp; Villeurbanne 04.78.89.80.68<\/em><\/strong><\/p><\/li><\/ul><h5><span style=\"text-decoration: underline;\"><strong>H\u00e9bergeur du site<\/strong><\/span><\/h5><p>Le site est h\u00e9berg\u00e9 par :<\/p><ul><li>OVH cloud<\/li><li>Adresse : Le si\u00e8ge social est fix\u00e9 au <b>2 rue Kellermann, 59100 Roubaix<\/b><\/li><li>T\u00e9l\u00e9phone : Vous pouvez contacter le support OVHcloud au <b>1007\u00a0<\/b><\/li><\/ul><h5><span style=\"text-decoration: underline;\"><strong>Propri\u00e9t\u00e9 intellectuelle<\/strong><\/span><\/h5><p>L\u2019ensemble du contenu pr\u00e9sent sur ce site (textes, images, graphismes, logo, ic\u00f4nes,etc) est prot\u00e9g\u00e9 par les lois en vigueur sur la propri\u00e9t\u00e9 intellectuelle.<\/p><p>Toute reproduction, repr\u00e9sentation, modification, publication, adaptation totale ou partielle des \u00e9l\u00e9ments du site, quel que soit le moyen ou le proc\u00e9d\u00e9 utilis\u00e9, est interdite, sauf autorisation \u00e9crite pr\u00e9alable de la <strong>Mutuelle de France Unie \u2013 Section Rh\u00f4ne-Loire &amp; autres d\u00e9partements<\/strong>.<\/p><h5><span style=\"text-decoration: underline;\"><strong>Protection des donn\u00e9es personnelles (RGPD)<\/strong><\/span><\/h5><p>Conform\u00e9ment au R\u00e8glement G\u00e9n\u00e9ral sur la Protection des Donn\u00e9es (RGPD) et \u00e0 la loi Informatique et Libert\u00e9s, vous \u00eates inform\u00e9s que :<\/p><ul><li><p>Les donn\u00e9es collect\u00e9es via le <strong>formulaire de contact, l&rsquo;inscription newsletter, et les cookies<\/strong>\u00a0sont enregistr\u00e9es par la <strong>Mutuelle de France Unie \u2013 Section Rh\u00f4ne-Loire &amp; autres d\u00e9partements<\/strong> dans le but de <strong>r\u00e9pondre \u00e0 vos demandes, g\u00e9rer les inscriptions, analyser l\u2019audience et informer de la vie de la Section<\/strong>.<\/p><\/li><li><p>Les donn\u00e9es sont conserv\u00e9es pour une dur\u00e9e limit\u00e9e, conform\u00e9ment aux d\u00e9lais l\u00e9gaux : 3 ans pour les contacts, jusqu\u2019\u00e0 d\u00e9sinscription pour la newsletter, 10 ans pour les donn\u00e9es comptables et 5 ans apr\u00e8s la fin de l\u2019adh\u00e9sion pour les donn\u00e9es li\u00e9es aux adh\u00e9rents.\u00a0<\/p><\/li><li><p>Vous disposez d\u2019un droit d\u2019acc\u00e8s, de rectification, d\u2019opposition, de limitation du traitement et de suppression de vos donn\u00e9es. Pour exercer ces droits, contactez : <strong>mfurhoneloire@gmail.com<\/strong>.<\/p><\/li><\/ul><p>Concernant les cookies, l\u2019utilisateur est inform\u00e9 que lors de ses visites sur le site, un cookie peut s\u2019installer automatiquement sur son logiciel de navigation. Vous pouvez param\u00e9trer votre navigateur pour refuser les cookies.<\/p><h5><span style=\"text-decoration: underline;\"><strong>Responsabilit\u00e9<\/strong><\/span><\/h5><p>La <strong>Mutuelle de France Unie \u2013 Section Rh\u00f4ne-Loire &amp; autres d\u00e9partements<\/strong>\u00a0met tout en \u0153uvre pour assurer l\u2019exactitude et la mise \u00e0 jour des informations publi\u00e9es sur le site, mais ne saurait \u00eatre tenue responsable des erreurs, omissions ou r\u00e9sultats obtenus par un mauvais usage de ces informations.<\/p><p>L\u2019utilisateur reconna\u00eet utiliser ces informations sous sa responsabilit\u00e9 exclusive.<\/p><h5><span style=\"text-decoration: underline;\"><strong>Droit applicable<\/strong><\/span><\/h5><p>Les pr\u00e9sentes mentions l\u00e9gales sont soumises au droit fran\u00e7ais. En cas de litige, et \u00e0 d\u00e9faut de solution amiable, les tribunaux fran\u00e7ais seront seuls comp\u00e9tents.<\/p>\t\t\t\t\t\t\t\t<\/div>\n\t\t\t\t<div class=\"elementor-element elementor-element-07161ef elementor-widget-divider--view-line elementor-widget elementor-widget-divider\" data-id=\"07161ef\" data-element_type=\"widget\" data-widget_type=\"divider.default\">\n\t\t\t\t\t\t\t<div class=\"elementor-divider\">\n\t\t\t<span class=\"elementor-divider-separator\">\n\t\t\t\t\t\t<\/span>\n\t\t<\/div>\n\t\t\t\t\t\t<\/div>\n\t\t\t\t\t<\/div>\n\t\t\t\t<\/div>\n\t\t\t\t<\/div>\n\t\t","protected":false},"excerpt":{"rendered":"<p>Mentions l\u00e9gales Mutuelle de France Unie &#8211; Section Rh\u00f4ne-Loire &amp; autres d\u00e9partements Mise \u00e0 jour : le 16 Septembre 2025 \u00c9diteur du site Le pr\u00e9sent site internet, accessible \u00e0 l\u2019adresse [&hellip;]<\/p>\n","protected":false},"author":1,"featured_media":0,"parent":0,"menu_order":0,"comment_status":"closed","ping_status":"closed","template":"","meta":{"footnotes":""},"class_list":["post-32","page","type-page","status-publish","hentry"],"yoast_head":"<!-- This site is optimized with the Yoast SEO plugin v26.6 - https:\/\/yoast.com\/wordpress\/plugins\/seo\/ -->\n<title>Mutuelle de France Unie | Politique de confidentialit\u00e9 \u2013 Mutuelle de France Unie Rh\u00f4ne-Loire<\/title>\n<meta name=\"description\" content=\"Consultez les mentions l\u00e9gales de la Mutuelle Rh\u00f4ne-Loire : informations l\u00e9gales, \u00e9diteur du site et conditions d\u2019utilisation.\" \/>\n<meta name=\"robots\" content=\"index, follow, max-snippet:-1, max-image-preview:large, max-video-preview:-1\" \/>\n<link rel=\"canonical\" href=\"https:\/\/mfu-section-rhone-loire.fr\/index.php\/mentions-legales-mutuelle-rhone-loire\/\" \/>\n<meta property=\"og:locale\" content=\"fr_FR\" \/>\n<meta property=\"og:type\" content=\"article\" \/>\n<meta property=\"og:title\" content=\"Mutuelle de France Unie | Politique de confidentialit\u00e9 \u2013 Mutuelle de France Unie Rh\u00f4ne-Loire\" \/>\n<meta property=\"og:description\" content=\"Consultez les mentions l\u00e9gales de la Mutuelle Rh\u00f4ne-Loire : informations l\u00e9gales, \u00e9diteur du site et conditions d\u2019utilisation.\" \/>\n<meta property=\"og:url\" content=\"https:\/\/mfu-section-rhone-loire.fr\/index.php\/mentions-legales-mutuelle-rhone-loire\/\" \/>\n<meta property=\"og:site_name\" content=\"Mutuelle de France Unie\" \/>\n<meta property=\"article:modified_time\" content=\"2025-12-17T19:11:04+00:00\" \/>\n<meta name=\"twitter:card\" content=\"summary_large_image\" \/>\n<meta name=\"twitter:label1\" content=\"Dur\u00e9e de lecture estim\u00e9e\" \/>\n\t<meta name=\"twitter:data1\" content=\"3 minutes\" \/>\n<script type=\"application\/ld+json\" class=\"yoast-schema-graph\">{\"@context\":\"https:\/\/schema.org\",\"@graph\":[{\"@type\":\"WebPage\",\"@id\":\"https:\/\/mfu-section-rhone-loire.fr\/index.php\/mentions-legales-mutuelle-rhone-loire\/\",\"url\":\"https:\/\/mfu-section-rhone-loire.fr\/index.php\/mentions-legales-mutuelle-rhone-loire\/\",\"name\":\"Mutuelle de France Unie | Politique de confidentialit\u00e9 \u2013 Mutuelle de France Unie Rh\u00f4ne-Loire\",\"isPartOf\":{\"@id\":\"https:\/\/mfu-section-rhone-loire.fr\/#website\"},\"datePublished\":\"2025-08-11T12:41:00+00:00\",\"dateModified\":\"2025-12-17T19:11:04+00:00\",\"description\":\"Consultez les mentions l\u00e9gales de la Mutuelle Rh\u00f4ne-Loire : informations l\u00e9gales, \u00e9diteur du site et conditions d\u2019utilisation.\",\"breadcrumb\":{\"@id\":\"https:\/\/mfu-section-rhone-loire.fr\/index.php\/mentions-legales-mutuelle-rhone-loire\/#breadcrumb\"},\"inLanguage\":\"fr-FR\",\"potentialAction\":[{\"@type\":\"ReadAction\",\"target\":[\"https:\/\/mfu-section-rhone-loire.fr\/index.php\/mentions-legales-mutuelle-rhone-loire\/\"]}]},{\"@type\":\"BreadcrumbList\",\"@id\":\"https:\/\/mfu-section-rhone-loire.fr\/index.php\/mentions-legales-mutuelle-rhone-loire\/#breadcrumb\",\"itemListElement\":[{\"@type\":\"ListItem\",\"position\":1,\"name\":\"Home\",\"item\":\"https:\/\/mfu-section-rhone-loire.fr\/\"},{\"@type\":\"ListItem\",\"position\":2,\"name\":\"Mentions l\u00e9gales\"}]},{\"@type\":\"WebSite\",\"@id\":\"https:\/\/mfu-section-rhone-loire.fr\/#website\",\"url\":\"https:\/\/mfu-section-rhone-loire.fr\/\",\"name\":\"Mutuelle de France Unie\",\"description\":\"Section Rh\u00f4ne-Loire &amp; autres d\u00e9partements\",\"publisher\":{\"@id\":\"https:\/\/mfu-section-rhone-loire.fr\/#organization\"},\"potentialAction\":[{\"@type\":\"SearchAction\",\"target\":{\"@type\":\"EntryPoint\",\"urlTemplate\":\"https:\/\/mfu-section-rhone-loire.fr\/?s={search_term_string}\"},\"query-input\":{\"@type\":\"PropertyValueSpecification\",\"valueRequired\":true,\"valueName\":\"search_term_string\"}}],\"inLanguage\":\"fr-FR\"},{\"@type\":\"Organization\",\"@id\":\"https:\/\/mfu-section-rhone-loire.fr\/#organization\",\"name\":\"Mutuelle de France Unie\",\"url\":\"https:\/\/mfu-section-rhone-loire.fr\/\",\"logo\":{\"@type\":\"ImageObject\",\"inLanguage\":\"fr-FR\",\"@id\":\"https:\/\/mfu-section-rhone-loire.fr\/#\/schema\/logo\/image\/\",\"url\":\"https:\/\/mfu-section-rhone-loire.fr\/wp-content\/uploads\/2025\/12\/LOGO.png\",\"contentUrl\":\"https:\/\/mfu-section-rhone-loire.fr\/wp-content\/uploads\/2025\/12\/LOGO.png\",\"width\":508,\"height\":507,\"caption\":\"Mutuelle de France Unie \"},\"image\":{\"@id\":\"https:\/\/mfu-section-rhone-loire.fr\/#\/schema\/logo\/image\/\"}}]}<\/script>\n<!-- \/ Yoast SEO plugin. -->","yoast_head_json":{"title":"Mutuelle de France Unie | Politique de confidentialit\u00e9 \u2013 Mutuelle de France Unie Rh\u00f4ne-Loire","description":"Consultez les mentions l\u00e9gales de la Mutuelle Rh\u00f4ne-Loire : informations l\u00e9gales, \u00e9diteur du site et conditions d\u2019utilisation.","robots":{"index":"index","follow":"follow","max-snippet":"max-snippet:-1","max-image-preview":"max-image-preview:large","max-video-preview":"max-video-preview:-1"},"canonical":"https:\/\/mfu-section-rhone-loire.fr\/index.php\/mentions-legales-mutuelle-rhone-loire\/","og_locale":"fr_FR","og_type":"article","og_title":"Mutuelle de France Unie | Politique de confidentialit\u00e9 \u2013 Mutuelle de France Unie Rh\u00f4ne-Loire","og_description":"Consultez les mentions l\u00e9gales de la Mutuelle Rh\u00f4ne-Loire : informations l\u00e9gales, \u00e9diteur du site et conditions d\u2019utilisation.","og_url":"https:\/\/mfu-section-rhone-loire.fr\/index.php\/mentions-legales-mutuelle-rhone-loire\/","og_site_name":"Mutuelle de France Unie","article_modified_time":"2025-12-17T19:11:04+00:00","twitter_card":"summary_large_image","twitter_misc":{"Dur\u00e9e de lecture estim\u00e9e":"3 minutes"},"schema":{"@context":"https:\/\/schema.org","@graph":[{"@type":"WebPage","@id":"https:\/\/mfu-section-rhone-loire.fr\/index.php\/mentions-legales-mutuelle-rhone-loire\/","url":"https:\/\/mfu-section-rhone-loire.fr\/index.php\/mentions-legales-mutuelle-rhone-loire\/","name":"Mutuelle de France Unie | Politique de confidentialit\u00e9 \u2013 Mutuelle de France Unie Rh\u00f4ne-Loire","isPartOf":{"@id":"https:\/\/mfu-section-rhone-loire.fr\/#website"},"datePublished":"2025-08-11T12:41:00+00:00","dateModified":"2025-12-17T19:11:04+00:00","description":"Consultez les mentions l\u00e9gales de la Mutuelle Rh\u00f4ne-Loire : informations l\u00e9gales, \u00e9diteur du site et conditions d\u2019utilisation.","breadcrumb":{"@id":"https:\/\/mfu-section-rhone-loire.fr\/index.php\/mentions-legales-mutuelle-rhone-loire\/#breadcrumb"},"inLanguage":"fr-FR","potentialAction":[{"@type":"ReadAction","target":["https:\/\/mfu-section-rhone-loire.fr\/index.php\/mentions-legales-mutuelle-rhone-loire\/"]}]},{"@type":"BreadcrumbList","@id":"https:\/\/mfu-section-rhone-loire.fr\/index.php\/mentions-legales-mutuelle-rhone-loire\/#breadcrumb","itemListElement":[{"@type":"ListItem","position":1,"name":"Home","item":"https:\/\/mfu-section-rhone-loire.fr\/"},{"@type":"ListItem","position":2,"name":"Mentions l\u00e9gales"}]},{"@type":"WebSite","@id":"https:\/\/mfu-section-rhone-loire.fr\/#website","url":"https:\/\/mfu-section-rhone-loire.fr\/","name":"Mutuelle de France Unie","description":"Section Rh\u00f4ne-Loire &amp; autres d\u00e9partements","publisher":{"@id":"https:\/\/mfu-section-rhone-loire.fr\/#organization"},"potentialAction":[{"@type":"SearchAction","target":{"@type":"EntryPoint","urlTemplate":"https:\/\/mfu-section-rhone-loire.fr\/?s={search_term_string}"},"query-input":{"@type":"PropertyValueSpecification","valueRequired":true,"valueName":"search_term_string"}}],"inLanguage":"fr-FR"},{"@type":"Organization","@id":"https:\/\/mfu-section-rhone-loire.fr\/#organization","name":"Mutuelle de France Unie","url":"https:\/\/mfu-section-rhone-loire.fr\/","logo":{"@type":"ImageObject","inLanguage":"fr-FR","@id":"https:\/\/mfu-section-rhone-loire.fr\/#\/schema\/logo\/image\/","url":"https:\/\/mfu-section-rhone-loire.fr\/wp-content\/uploads\/2025\/12\/LOGO.png","contentUrl":"https:\/\/mfu-section-rhone-loire.fr\/wp-content\/uploads\/2025\/12\/LOGO.png","width":508,"height":507,"caption":"Mutuelle de France Unie "},"image":{"@id":"https:\/\/mfu-section-rhone-loire.fr\/#\/schema\/logo\/image\/"}}]}},"_links":{"self":[{"href":"https:\/\/mfu-section-rhone-loire.fr\/index.php\/wp-json\/wp\/v2\/pages\/32","targetHints":{"allow":["GET"]}}],"collection":[{"href":"https:\/\/mfu-section-rhone-loire.fr\/index.php\/wp-json\/wp\/v2\/pages"}],"about":[{"href":"https:\/\/mfu-section-rhone-loire.fr\/index.php\/wp-json\/wp\/v2\/types\/page"}],"author":[{"embeddable":true,"href":"https:\/\/mfu-section-rhone-loire.fr\/index.php\/wp-json\/wp\/v2\/users\/1"}],"replies":[{"embeddable":true,"href":"https:\/\/mfu-section-rhone-loire.fr\/index.php\/wp-json\/wp\/v2\/comments?post=32"}],"version-history":[{"count":6,"href":"https:\/\/mfu-section-rhone-loire.fr\/index.php\/wp-json\/wp\/v2\/pages\/32\/revisions"}],"predecessor-version":[{"id":2384,"href":"https:\/\/mfu-section-rhone-loire.fr\/index.php\/wp-json\/wp\/v2\/pages\/32\/revisions\/2384"}],"wp:attachment":[{"href":"https:\/\/mfu-section-rhone-loire.fr\/index.php\/wp-json\/wp\/v2\/media?parent=32"}],"curies":[{"name":"wp","href":"https:\/\/api.w.org\/{rel}","templated":true}]}}