{"id":2344,"date":"2025-12-17T18:18:17","date_gmt":"2025-12-17T18:18:17","guid":{"rendered":"https:\/\/mfu-section-rhone-loire.fr\/?page_id=2344"},"modified":"2025-12-17T18:54:01","modified_gmt":"2025-12-17T18:54:01","slug":"page-erreur-404","status":"publish","type":"page","link":"https:\/\/mfu-section-rhone-loire.fr\/index.php\/page-erreur-404\/","title":{"rendered":"Erreur 404"},"content":{"rendered":"\t\t<div data-elementor-type=\"wp-page\" data-elementor-id=\"2344\" class=\"elementor elementor-2344\" data-elementor-post-type=\"page\">\n\t\t\t\t<div class=\"elementor-element elementor-element-8fa57c3 e-flex e-con-boxed e-con e-parent\" data-id=\"8fa57c3\" data-element_type=\"container\">\n\t\t\t\t\t<div class=\"e-con-inner\">\n\t\t\t\t<div class=\"elementor-element elementor-element-e2e8e35 elementor-widget-divider--view-line elementor-widget elementor-widget-divider\" data-id=\"e2e8e35\" data-element_type=\"widget\" data-widget_type=\"divider.default\">\n\t\t\t\t\t\t\t<div class=\"elementor-divider\">\n\t\t\t<span class=\"elementor-divider-separator\">\n\t\t\t\t\t\t<\/span>\n\t\t<\/div>\n\t\t\t\t\t\t<\/div>\n\t\t\t\t\t<\/div>\n\t\t\t\t<\/div>\n\t\t<div class=\"elementor-element elementor-element-20fa93d e-flex e-con-boxed e-con e-parent\" data-id=\"20fa93d\" data-element_type=\"container\">\n\t\t\t\t\t<div class=\"e-con-inner\">\n\t\t<div class=\"elementor-element elementor-element-997726a e-con-full e-flex e-con e-child\" data-id=\"997726a\" data-element_type=\"container\">\n\t\t\t\t<div class=\"elementor-element elementor-element-928e51f elementor-widget elementor-widget-image\" data-id=\"928e51f\" data-element_type=\"widget\" data-widget_type=\"image.default\">\n\t\t\t\t\t\t\t\t\t\t\t\t\t\t\t<img decoding=\"async\" width=\"150\" height=\"150\" src=\"https:\/\/mfu-section-rhone-loire.fr\/wp-content\/uploads\/2025\/12\/Agence_R_MFU-150x150.png\" class=\"attachment-thumbnail size-thumbnail wp-image-2213\" alt=\"Devanture de l\u2019agence de Rive-de-Gier. On y distingue une porte d&#039;entr\u00e9e ainsi que le logo affich\u00e9 en haut de l&#039;agence. Les entreprises \u00e0 cot\u00e9 son flout\u00e9e !\" \/>\t\t\t\t\t\t\t\t\t\t\t\t\t\t\t<\/div>\n\t\t\t\t<div class=\"elementor-element elementor-element-cf434a7 elementor-widget elementor-widget-image\" data-id=\"cf434a7\" data-element_type=\"widget\" data-widget_type=\"image.default\">\n\t\t\t\t\t\t\t\t\t\t\t\t\t\t\t<img fetchpriority=\"high\" decoding=\"async\" width=\"800\" height=\"345\" src=\"https:\/\/mfu-section-rhone-loire.fr\/wp-content\/uploads\/2025\/10\/Agence_M_MFU.png\" class=\"attachment-large size-large wp-image-2012\" alt=\"Devanture de l\u2019agence de Montrynaud, situ\u00e9e \u00e0 Saint-\u00c9tienne. On y distingue plusieurs fen\u00eatres ainsi que le logo affich\u00e9 dans les coins sup\u00e9rieurs droit et gauche.\" srcset=\"https:\/\/mfu-section-rhone-loire.fr\/wp-content\/uploads\/2025\/10\/Agence_M_MFU.png 834w, https:\/\/mfu-section-rhone-loire.fr\/wp-content\/uploads\/2025\/10\/Agence_M_MFU-300x129.png 300w, https:\/\/mfu-section-rhone-loire.fr\/wp-content\/uploads\/2025\/10\/Agence_M_MFU-768x332.png 768w\" sizes=\"(max-width: 800px) 100vw, 800px\" \/>\t\t\t\t\t\t\t\t\t\t\t\t\t\t\t<\/div>\n\t\t\t\t<\/div>\n\t\t<div class=\"elementor-element elementor-element-4ebb65f e-con-full e-flex e-con e-child\" data-id=\"4ebb65f\" data-element_type=\"container\">\n\t\t\t\t<div class=\"elementor-element elementor-element-79ca1b3 elementor-widget elementor-widget-image\" data-id=\"79ca1b3\" data-element_type=\"widget\" data-widget_type=\"image.default\">\n\t\t\t\t\t\t\t\t\t\t\t\t\t\t\t<img decoding=\"async\" width=\"800\" height=\"450\" src=\"https:\/\/mfu-section-rhone-loire.fr\/wp-content\/uploads\/2025\/12\/Agence_Villeurbanne_MFU-1024x576.png\" class=\"attachment-large size-large wp-image-2211\" alt=\"Devanture de l\u2019agence de Villeurbanne. On y distingue une porte d&#039;entr\u00e9e, avec des grande vitre ainsi que le logo affich\u00e9 en haut de l&#039;agence.\" srcset=\"https:\/\/mfu-section-rhone-loire.fr\/wp-content\/uploads\/2025\/12\/Agence_Villeurbanne_MFU-1024x576.png 1024w, https:\/\/mfu-section-rhone-loire.fr\/wp-content\/uploads\/2025\/12\/Agence_Villeurbanne_MFU-300x169.png 300w, https:\/\/mfu-section-rhone-loire.fr\/wp-content\/uploads\/2025\/12\/Agence_Villeurbanne_MFU-768x432.png 768w, https:\/\/mfu-section-rhone-loire.fr\/wp-content\/uploads\/2025\/12\/Agence_Villeurbanne_MFU-1536x864.png 1536w, https:\/\/mfu-section-rhone-loire.fr\/wp-content\/uploads\/2025\/12\/Agence_Villeurbanne_MFU.png 1601w\" sizes=\"(max-width: 800px) 100vw, 800px\" \/>\t\t\t\t\t\t\t\t\t\t\t\t\t\t\t<\/div>\n\t\t\t\t<div class=\"elementor-element elementor-element-b01d9c2 elementor-widget elementor-widget-image\" data-id=\"b01d9c2\" data-element_type=\"widget\" data-widget_type=\"image.default\">\n\t\t\t\t\t\t\t\t\t\t\t\t\t\t\t<img loading=\"lazy\" decoding=\"async\" width=\"150\" height=\"150\" src=\"https:\/\/mfu-section-rhone-loire.fr\/wp-content\/uploads\/2025\/12\/P1030548-150x150.jpg\" class=\"attachment-thumbnail size-thumbnail wp-image-2214\" alt=\"Devanture de l\u2019agence de Bellevue, situ\u00e9e \u00e0 Saint-\u00c9tienne. On y distingue une porte d&#039;entr\u00e9e, avec une grande vitre ainsi que le logo affich\u00e9 en haut de l&#039;agence.\" \/>\t\t\t\t\t\t\t\t\t\t\t\t\t\t\t<\/div>\n\t\t\t\t<\/div>\n\t\t<div class=\"elementor-element elementor-element-7ef1a4b e-con-full e-flex e-con e-child\" data-id=\"7ef1a4b\" data-element_type=\"container\">\n\t\t\t\t<div class=\"elementor-element elementor-element-2689c63 elementor-widget elementor-widget-heading\" data-id=\"2689c63\" data-element_type=\"widget\" data-widget_type=\"heading.default\">\n\t\t\t\t\t<h1 class=\"elementor-heading-title elementor-size-default\">Erreur 404<\/h1>\t\t\t\t<\/div>\n\t\t\t\t<div class=\"elementor-element elementor-element-50a1117 elementor-widget elementor-widget-text-editor\" data-id=\"50a1117\" data-element_type=\"widget\" data-widget_type=\"text-editor.default\">\n\t\t\t\t\t\t\t\t\t<p>Oups&#8230; cette page n&rsquo;existe pas ou n&rsquo;est pas disponible.\u00a0<\/p><p>Pas d&rsquo;inqui\u00e9tude, vous pouvez revenir \u00e0 notre page d&rsquo;Accueil \ud83d\ude0a<\/p>\t\t\t\t\t\t\t\t<\/div>\n\t\t\t\t<div class=\"elementor-element elementor-element-c40b4af elementor-widget elementor-widget-button\" data-id=\"c40b4af\" data-element_type=\"widget\" data-widget_type=\"button.default\">\n\t\t\t\t\t\t\t\t\t\t<a class=\"elementor-button elementor-button-link elementor-size-sm\" href=\"https:\/\/mfu-section-rhone-loire.fr\">\n\t\t\t\t\t\t<span class=\"elementor-button-content-wrapper\">\n\t\t\t\t\t\t\t\t\t<span class=\"elementor-button-text\">On vous ram\u00e8ne \u00e0 l\u2019accueil, c\u2019est parti !<\/span>\n\t\t\t\t\t<\/span>\n\t\t\t\t\t<\/a>\n\t\t\t\t\t\t\t\t<\/div>\n\t\t\t\t<\/div>\n\t\t\t\t\t<\/div>\n\t\t\t\t<\/div>\n\t\t<div class=\"elementor-element elementor-element-7f246dc e-flex e-con-boxed e-con e-parent\" data-id=\"7f246dc\" data-element_type=\"container\">\n\t\t\t\t\t<div class=\"e-con-inner\">\n\t\t\t\t<div class=\"elementor-element elementor-element-8033b5e elementor-widget-divider--view-line elementor-widget elementor-widget-divider\" data-id=\"8033b5e\" data-element_type=\"widget\" data-widget_type=\"divider.default\">\n\t\t\t\t\t\t\t<div class=\"elementor-divider\">\n\t\t\t<span class=\"elementor-divider-separator\">\n\t\t\t\t\t\t<\/span>\n\t\t<\/div>\n\t\t\t\t\t\t<\/div>\n\t\t\t\t\t<\/div>\n\t\t\t\t<\/div>\n\t\t\t\t<\/div>\n\t\t","protected":false},"excerpt":{"rendered":"<p>Erreur 404 Oups&#8230; cette page n&rsquo;existe pas ou n&rsquo;est pas disponible.\u00a0 Pas d&rsquo;inqui\u00e9tude, vous pouvez revenir \u00e0 notre page d&rsquo;Accueil \ud83d\ude0a On vous ram\u00e8ne \u00e0 l\u2019accueil, c\u2019est parti !<\/p>\n","protected":false},"author":1,"featured_media":0,"parent":0,"menu_order":0,"comment_status":"closed","ping_status":"closed","template":"","meta":{"footnotes":""},"class_list":["post-2344","page","type-page","status-publish","hentry"],"yoast_head":"<!-- This site is optimized with the Yoast SEO plugin v26.6 - https:\/\/yoast.com\/wordpress\/plugins\/seo\/ -->\n<title>Mutuelle de France Unie Page erreur 404<\/title>\n<meta name=\"description\" content=\"Oups... cette page n&#039;existe pas ou n&#039;est pas disponible. Pas d&#039;inqui\u00e9tude, vous pouvez revenir \u00e0 l&#039;accueil.\" \/>\n<meta name=\"robots\" content=\"index, follow, max-snippet:-1, max-image-preview:large, max-video-preview:-1\" \/>\n<link rel=\"canonical\" href=\"https:\/\/mfu-section-rhone-loire.fr\/index.php\/page-erreur-404\/\" \/>\n<meta property=\"og:locale\" content=\"fr_FR\" \/>\n<meta property=\"og:type\" content=\"article\" \/>\n<meta property=\"og:title\" content=\"Mutuelle de France Unie Page erreur 404\" \/>\n<meta property=\"og:description\" content=\"Oups... cette page n&#039;existe pas ou n&#039;est pas disponible. Pas d&#039;inqui\u00e9tude, vous pouvez revenir \u00e0 l&#039;accueil.\" \/>\n<meta property=\"og:url\" content=\"https:\/\/mfu-section-rhone-loire.fr\/index.php\/page-erreur-404\/\" \/>\n<meta property=\"og:site_name\" content=\"Mutuelle de France Unie\" \/>\n<meta property=\"article:modified_time\" content=\"2025-12-17T18:54:01+00:00\" \/>\n<meta property=\"og:image\" content=\"http:\/\/mfu-section-rhone-loire.fr\/wp-content\/uploads\/2025\/12\/Agence_R_MFU-150x150.png\" \/>\n<meta name=\"twitter:card\" content=\"summary_large_image\" \/>\n<meta name=\"twitter:label1\" content=\"Dur\u00e9e de lecture estim\u00e9e\" \/>\n\t<meta name=\"twitter:data1\" content=\"1 minute\" \/>\n<script type=\"application\/ld+json\" class=\"yoast-schema-graph\">{\"@context\":\"https:\/\/schema.org\",\"@graph\":[{\"@type\":\"WebPage\",\"@id\":\"https:\/\/mfu-section-rhone-loire.fr\/index.php\/page-erreur-404\/\",\"url\":\"https:\/\/mfu-section-rhone-loire.fr\/index.php\/page-erreur-404\/\",\"name\":\"Mutuelle de France Unie Page erreur 404\",\"isPartOf\":{\"@id\":\"https:\/\/mfu-section-rhone-loire.fr\/#website\"},\"primaryImageOfPage\":{\"@id\":\"https:\/\/mfu-section-rhone-loire.fr\/index.php\/page-erreur-404\/#primaryimage\"},\"image\":{\"@id\":\"https:\/\/mfu-section-rhone-loire.fr\/index.php\/page-erreur-404\/#primaryimage\"},\"thumbnailUrl\":\"http:\/\/mfu-section-rhone-loire.fr\/wp-content\/uploads\/2025\/12\/Agence_R_MFU-150x150.png\",\"datePublished\":\"2025-12-17T18:18:17+00:00\",\"dateModified\":\"2025-12-17T18:54:01+00:00\",\"description\":\"Oups... cette page n'existe pas ou n'est pas disponible. Pas d'inqui\u00e9tude, vous pouvez revenir \u00e0 l'accueil.\",\"breadcrumb\":{\"@id\":\"https:\/\/mfu-section-rhone-loire.fr\/index.php\/page-erreur-404\/#breadcrumb\"},\"inLanguage\":\"fr-FR\",\"potentialAction\":[{\"@type\":\"ReadAction\",\"target\":[\"https:\/\/mfu-section-rhone-loire.fr\/index.php\/page-erreur-404\/\"]}]},{\"@type\":\"ImageObject\",\"inLanguage\":\"fr-FR\",\"@id\":\"https:\/\/mfu-section-rhone-loire.fr\/index.php\/page-erreur-404\/#primaryimage\",\"url\":\"https:\/\/mfu-section-rhone-loire.fr\/wp-content\/uploads\/2025\/12\/Agence_R_MFU.png\",\"contentUrl\":\"https:\/\/mfu-section-rhone-loire.fr\/wp-content\/uploads\/2025\/12\/Agence_R_MFU.png\",\"width\":1361,\"height\":732,\"caption\":\"Mutuelle de France Unie - Rive-de-Gier\"},{\"@type\":\"BreadcrumbList\",\"@id\":\"https:\/\/mfu-section-rhone-loire.fr\/index.php\/page-erreur-404\/#breadcrumb\",\"itemListElement\":[{\"@type\":\"ListItem\",\"position\":1,\"name\":\"Home\",\"item\":\"https:\/\/mfu-section-rhone-loire.fr\/\"},{\"@type\":\"ListItem\",\"position\":2,\"name\":\"Erreur 404\"}]},{\"@type\":\"WebSite\",\"@id\":\"https:\/\/mfu-section-rhone-loire.fr\/#website\",\"url\":\"https:\/\/mfu-section-rhone-loire.fr\/\",\"name\":\"Mutuelle de France Unie\",\"description\":\"Section Rh\u00f4ne-Loire &amp; autres d\u00e9partements\",\"publisher\":{\"@id\":\"https:\/\/mfu-section-rhone-loire.fr\/#organization\"},\"potentialAction\":[{\"@type\":\"SearchAction\",\"target\":{\"@type\":\"EntryPoint\",\"urlTemplate\":\"https:\/\/mfu-section-rhone-loire.fr\/?s={search_term_string}\"},\"query-input\":{\"@type\":\"PropertyValueSpecification\",\"valueRequired\":true,\"valueName\":\"search_term_string\"}}],\"inLanguage\":\"fr-FR\"},{\"@type\":\"Organization\",\"@id\":\"https:\/\/mfu-section-rhone-loire.fr\/#organization\",\"name\":\"Mutuelle de France Unie\",\"url\":\"https:\/\/mfu-section-rhone-loire.fr\/\",\"logo\":{\"@type\":\"ImageObject\",\"inLanguage\":\"fr-FR\",\"@id\":\"https:\/\/mfu-section-rhone-loire.fr\/#\/schema\/logo\/image\/\",\"url\":\"https:\/\/mfu-section-rhone-loire.fr\/wp-content\/uploads\/2025\/12\/LOGO.png\",\"contentUrl\":\"https:\/\/mfu-section-rhone-loire.fr\/wp-content\/uploads\/2025\/12\/LOGO.png\",\"width\":508,\"height\":507,\"caption\":\"Mutuelle de France Unie \"},\"image\":{\"@id\":\"https:\/\/mfu-section-rhone-loire.fr\/#\/schema\/logo\/image\/\"}}]}<\/script>\n<!-- \/ Yoast SEO plugin. -->","yoast_head_json":{"title":"Mutuelle de France Unie Page erreur 404","description":"Oups... cette page n'existe pas ou n'est pas disponible. Pas d'inqui\u00e9tude, vous pouvez revenir \u00e0 l'accueil.","robots":{"index":"index","follow":"follow","max-snippet":"max-snippet:-1","max-image-preview":"max-image-preview:large","max-video-preview":"max-video-preview:-1"},"canonical":"https:\/\/mfu-section-rhone-loire.fr\/index.php\/page-erreur-404\/","og_locale":"fr_FR","og_type":"article","og_title":"Mutuelle de France Unie Page erreur 404","og_description":"Oups... cette page n'existe pas ou n'est pas disponible. Pas d'inqui\u00e9tude, vous pouvez revenir \u00e0 l'accueil.","og_url":"https:\/\/mfu-section-rhone-loire.fr\/index.php\/page-erreur-404\/","og_site_name":"Mutuelle de France Unie","article_modified_time":"2025-12-17T18:54:01+00:00","og_image":[{"url":"http:\/\/mfu-section-rhone-loire.fr\/wp-content\/uploads\/2025\/12\/Agence_R_MFU-150x150.png","type":"","width":"","height":""}],"twitter_card":"summary_large_image","twitter_misc":{"Dur\u00e9e de lecture estim\u00e9e":"1 minute"},"schema":{"@context":"https:\/\/schema.org","@graph":[{"@type":"WebPage","@id":"https:\/\/mfu-section-rhone-loire.fr\/index.php\/page-erreur-404\/","url":"https:\/\/mfu-section-rhone-loire.fr\/index.php\/page-erreur-404\/","name":"Mutuelle de France Unie Page erreur 404","isPartOf":{"@id":"https:\/\/mfu-section-rhone-loire.fr\/#website"},"primaryImageOfPage":{"@id":"https:\/\/mfu-section-rhone-loire.fr\/index.php\/page-erreur-404\/#primaryimage"},"image":{"@id":"https:\/\/mfu-section-rhone-loire.fr\/index.php\/page-erreur-404\/#primaryimage"},"thumbnailUrl":"http:\/\/mfu-section-rhone-loire.fr\/wp-content\/uploads\/2025\/12\/Agence_R_MFU-150x150.png","datePublished":"2025-12-17T18:18:17+00:00","dateModified":"2025-12-17T18:54:01+00:00","description":"Oups... cette page n'existe pas ou n'est pas disponible. Pas d'inqui\u00e9tude, vous pouvez revenir \u00e0 l'accueil.","breadcrumb":{"@id":"https:\/\/mfu-section-rhone-loire.fr\/index.php\/page-erreur-404\/#breadcrumb"},"inLanguage":"fr-FR","potentialAction":[{"@type":"ReadAction","target":["https:\/\/mfu-section-rhone-loire.fr\/index.php\/page-erreur-404\/"]}]},{"@type":"ImageObject","inLanguage":"fr-FR","@id":"https:\/\/mfu-section-rhone-loire.fr\/index.php\/page-erreur-404\/#primaryimage","url":"https:\/\/mfu-section-rhone-loire.fr\/wp-content\/uploads\/2025\/12\/Agence_R_MFU.png","contentUrl":"https:\/\/mfu-section-rhone-loire.fr\/wp-content\/uploads\/2025\/12\/Agence_R_MFU.png","width":1361,"height":732,"caption":"Mutuelle de France Unie - Rive-de-Gier"},{"@type":"BreadcrumbList","@id":"https:\/\/mfu-section-rhone-loire.fr\/index.php\/page-erreur-404\/#breadcrumb","itemListElement":[{"@type":"ListItem","position":1,"name":"Home","item":"https:\/\/mfu-section-rhone-loire.fr\/"},{"@type":"ListItem","position":2,"name":"Erreur 404"}]},{"@type":"WebSite","@id":"https:\/\/mfu-section-rhone-loire.fr\/#website","url":"https:\/\/mfu-section-rhone-loire.fr\/","name":"Mutuelle de France Unie","description":"Section Rh\u00f4ne-Loire &amp; autres d\u00e9partements","publisher":{"@id":"https:\/\/mfu-section-rhone-loire.fr\/#organization"},"potentialAction":[{"@type":"SearchAction","target":{"@type":"EntryPoint","urlTemplate":"https:\/\/mfu-section-rhone-loire.fr\/?s={search_term_string}"},"query-input":{"@type":"PropertyValueSpecification","valueRequired":true,"valueName":"search_term_string"}}],"inLanguage":"fr-FR"},{"@type":"Organization","@id":"https:\/\/mfu-section-rhone-loire.fr\/#organization","name":"Mutuelle de France Unie","url":"https:\/\/mfu-section-rhone-loire.fr\/","logo":{"@type":"ImageObject","inLanguage":"fr-FR","@id":"https:\/\/mfu-section-rhone-loire.fr\/#\/schema\/logo\/image\/","url":"https:\/\/mfu-section-rhone-loire.fr\/wp-content\/uploads\/2025\/12\/LOGO.png","contentUrl":"https:\/\/mfu-section-rhone-loire.fr\/wp-content\/uploads\/2025\/12\/LOGO.png","width":508,"height":507,"caption":"Mutuelle de France Unie "},"image":{"@id":"https:\/\/mfu-section-rhone-loire.fr\/#\/schema\/logo\/image\/"}}]}},"_links":{"self":[{"href":"https:\/\/mfu-section-rhone-loire.fr\/index.php\/wp-json\/wp\/v2\/pages\/2344","targetHints":{"allow":["GET"]}}],"collection":[{"href":"https:\/\/mfu-section-rhone-loire.fr\/index.php\/wp-json\/wp\/v2\/pages"}],"about":[{"href":"https:\/\/mfu-section-rhone-loire.fr\/index.php\/wp-json\/wp\/v2\/types\/page"}],"author":[{"embeddable":true,"href":"https:\/\/mfu-section-rhone-loire.fr\/index.php\/wp-json\/wp\/v2\/users\/1"}],"replies":[{"embeddable":true,"href":"https:\/\/mfu-section-rhone-loire.fr\/index.php\/wp-json\/wp\/v2\/comments?post=2344"}],"version-history":[{"count":10,"href":"https:\/\/mfu-section-rhone-loire.fr\/index.php\/wp-json\/wp\/v2\/pages\/2344\/revisions"}],"predecessor-version":[{"id":2365,"href":"https:\/\/mfu-section-rhone-loire.fr\/index.php\/wp-json\/wp\/v2\/pages\/2344\/revisions\/2365"}],"wp:attachment":[{"href":"https:\/\/mfu-section-rhone-loire.fr\/index.php\/wp-json\/wp\/v2\/media?parent=2344"}],"curies":[{"name":"wp","href":"https:\/\/api.w.org\/{rel}","templated":true}]}}