{"id":19,"date":"2025-08-11T12:38:56","date_gmt":"2025-08-11T12:38:56","guid":{"rendered":"http:\/\/mfu-section-rhone-loire\/?page_id=19"},"modified":"2026-01-06T14:49:13","modified_gmt":"2026-01-06T14:49:13","slug":"renseignement-demande-remplissez-le-formulaire-de-contact","status":"publish","type":"page","link":"https:\/\/mfu-section-rhone-loire.fr\/index.php\/renseignement-demande-remplissez-le-formulaire-de-contact\/","title":{"rendered":"Contact"},"content":{"rendered":"\t\t<div data-elementor-type=\"wp-page\" data-elementor-id=\"19\" class=\"elementor elementor-19\" data-elementor-post-type=\"page\">\n\t\t\t\t<div class=\"elementor-element elementor-element-50874ff e-flex e-con-boxed e-con e-parent\" data-id=\"50874ff\" data-element_type=\"container\">\n\t\t\t\t\t<div class=\"e-con-inner\">\n\t\t\t\t<div class=\"elementor-element elementor-element-7aeadbf elementor-hidden-mobile elementor-widget elementor-widget-heading\" data-id=\"7aeadbf\" data-element_type=\"widget\" data-widget_type=\"heading.default\">\n\t\t\t\t\t<h2 class=\"elementor-heading-title elementor-size-default\">Donnez-nous votre avis, votre ressenti ou juste un petit mot <\/h2>\t\t\t\t<\/div>\n\t\t\t\t<div class=\"elementor-element elementor-element-6ad200e elementor-hidden-desktop elementor-hidden-tablet elementor-widget elementor-widget-heading\" data-id=\"6ad200e\" data-element_type=\"widget\" data-widget_type=\"heading.default\">\n\t\t\t\t\t<h4 class=\"elementor-heading-title elementor-size-default\">Donnez-nous votre avis, votre ressenti ou juste un petit mot <\/h4>\t\t\t\t<\/div>\n\t\t\t\t<div class=\"elementor-element elementor-element-8fbafac elementor-widget elementor-widget-text-editor\" data-id=\"8fbafac\" data-element_type=\"widget\" data-widget_type=\"text-editor.default\">\n\t\t\t\t\t\t\t\t\t<p><em><strong>Votre parole compte !<\/strong><\/em> Que vous soyez adh\u00e9rent de longue date, tout nouveau membre ou simplement curieux, ce formulaire est l\u00e0 pour vous.<\/p><p><em>Vous avez une id\u00e9e, une remarque, un remerciement, une suggestion pour am\u00e9liorer nos actions ou tout simplement envie de nous dire bonjour ? <\/em><\/p><p>N\u2019h\u00e9sitez pas !<\/p><p>Chez Mutuelle de France Unie, <strong><em>on croit au pouvoir du collectif et \u00e0 la richesse de chaque voix<\/em><\/strong>. <br \/>Alors, faites-vous entendre : on lit tout avec attention et surtout avec grand plaisir !<br \/><em>Merci pour votre contribution \ud83d\ude0a<\/em><\/p>\t\t\t\t\t\t\t\t<\/div>\n\t\t\t\t<div class=\"elementor-element elementor-element-ca637c4 elementor-widget elementor-widget-heading\" data-id=\"ca637c4\" data-element_type=\"widget\" data-widget_type=\"heading.default\">\n\t\t\t\t\t<h3 class=\"elementor-heading-title elementor-size-default\">\u2728 Formulaire \u2728<\/h3>\t\t\t\t<\/div>\n\t\t\t\t\t<\/div>\n\t\t\t\t<\/div>\n\t\t<div class=\"elementor-element elementor-element-87342e5 e-flex e-con-boxed e-con e-parent\" data-id=\"87342e5\" data-element_type=\"container\">\n\t\t\t\t\t<div class=\"e-con-inner\">\n\t\t\t\t<div class=\"elementor-element elementor-element-e459cb4 elementor-button-align-stretch elementor-widget elementor-widget-form\" data-id=\"e459cb4\" data-element_type=\"widget\" data-settings=\"{&quot;button_width&quot;:&quot;20&quot;,&quot;step_next_label&quot;:&quot;Next&quot;,&quot;step_previous_label&quot;:&quot;Previous&quot;,&quot;button_width_tablet&quot;:&quot;30&quot;,&quot;step_type&quot;:&quot;number_text&quot;,&quot;step_icon_shape&quot;:&quot;circle&quot;}\" data-widget_type=\"form.default\">\n\t\t\t\t\t\t\t<form class=\"elementor-form\" method=\"post\" id=\"contactprincipal\" name=\"New Form\" aria-label=\"New Form\">\n\t\t\t<input type=\"hidden\" name=\"post_id\" value=\"19\"\/>\n\t\t\t<input type=\"hidden\" name=\"form_id\" value=\"e459cb4\"\/>\n\t\t\t<input type=\"hidden\" name=\"referer_title\" value=\"Mutuelle de France Unie | Renseignement, demande remplissez le formulaire de contact\" \/>\n\n\t\t\t\t\t\t\t<input type=\"hidden\" name=\"queried_id\" value=\"19\"\/>\n\t\t\t\n\t\t\t<div class=\"elementor-form-fields-wrapper elementor-labels-\">\n\t\t\t\t\t\t\t\t<div class=\"elementor-field-type-text elementor-field-group elementor-column elementor-field-group-nom elementor-col-50 elementor-field-required\">\n\t\t\t\t\t\t\t\t\t\t\t\t<label for=\"form-field-nom\" class=\"elementor-field-label elementor-screen-only\">\n\t\t\t\t\t\t\t\tNom\t\t\t\t\t\t\t<\/label>\n\t\t\t\t\t\t\t\t\t\t\t\t\t\t<input size=\"1\" type=\"text\" name=\"form_fields[nom]\" id=\"form-field-nom\" class=\"elementor-field elementor-size-md  elementor-field-textual\" placeholder=\"Nom\" required=\"required\">\n\t\t\t\t\t\t\t\t\t\t\t<\/div>\n\t\t\t\t\t\t\t\t<div class=\"elementor-field-type-text elementor-field-group elementor-column elementor-field-group-prenom elementor-col-50 elementor-field-required\">\n\t\t\t\t\t\t\t\t\t\t\t\t<label for=\"form-field-prenom\" class=\"elementor-field-label elementor-screen-only\">\n\t\t\t\t\t\t\t\tPr\u00e9nom\t\t\t\t\t\t\t<\/label>\n\t\t\t\t\t\t\t\t\t\t\t\t\t\t<input size=\"1\" type=\"text\" name=\"form_fields[prenom]\" id=\"form-field-prenom\" class=\"elementor-field elementor-size-md  elementor-field-textual\" placeholder=\"Pr\u00e9nom\" required=\"required\">\n\t\t\t\t\t\t\t\t\t\t\t<\/div>\n\t\t\t\t\t\t\t\t<div class=\"elementor-field-type-email elementor-field-group elementor-column elementor-field-group-email elementor-col-50 elementor-field-required\">\n\t\t\t\t\t\t\t\t\t\t\t\t<label for=\"form-field-email\" class=\"elementor-field-label elementor-screen-only\">\n\t\t\t\t\t\t\t\tEmail\t\t\t\t\t\t\t<\/label>\n\t\t\t\t\t\t\t\t\t\t\t\t\t\t<input size=\"1\" type=\"email\" name=\"form_fields[email]\" id=\"form-field-email\" class=\"elementor-field elementor-size-md  elementor-field-textual\" placeholder=\"Email\" required=\"required\">\n\t\t\t\t\t\t\t\t\t\t\t<\/div>\n\t\t\t\t\t\t\t\t<div class=\"elementor-field-type-tel elementor-field-group elementor-column elementor-field-group-telephone elementor-col-50\">\n\t\t\t\t\t\t\t\t\t\t\t\t<label for=\"form-field-telephone\" class=\"elementor-field-label elementor-screen-only\">\n\t\t\t\t\t\t\t\tNum\u00e9ro de t\u00e9l\u00e9phone (facultatif)\t\t\t\t\t\t\t<\/label>\n\t\t\t\t\t\t\t\t<input size=\"1\" type=\"tel\" name=\"form_fields[telephone]\" id=\"form-field-telephone\" class=\"elementor-field elementor-size-md  elementor-field-textual\" placeholder=\"Num\u00e9ro de t\u00e9l\u00e9phone\" pattern=\"[0-9()#&amp;+*-=.]+\" title=\"Seuls les caract\u00e8res de num\u00e9ros de t\u00e9l\u00e9phone (#, -, *, etc.) sont accept\u00e9s.\">\n\n\t\t\t\t\t\t<\/div>\n\t\t\t\t\t\t\t\t<div class=\"elementor-field-type-select elementor-field-group elementor-column elementor-field-group-objet elementor-col-100 elementor-field-required\">\n\t\t\t\t\t\t\t\t\t\t\t\t<label for=\"form-field-objet\" class=\"elementor-field-label elementor-screen-only\">\n\t\t\t\t\t\t\t\tObjet\t\t\t\t\t\t\t<\/label>\n\t\t\t\t\t\t\t\t<div class=\"elementor-field elementor-select-wrapper remove-before \">\n\t\t\t<div class=\"select-caret-down-wrapper\">\n\t\t\t\t<svg aria-hidden=\"true\" class=\"e-font-icon-svg e-eicon-caret-down\" viewBox=\"0 0 571.4 571.4\" xmlns=\"http:\/\/www.w3.org\/2000\/svg\"><path d=\"M571 393Q571 407 561 418L311 668Q300 679 286 679T261 668L11 418Q0 407 0 393T11 368 36 357H536Q550 357 561 368T571 393Z\"><\/path><\/svg>\t\t\t<\/div>\n\t\t\t<select name=\"form_fields[objet]\" id=\"form-field-objet\" class=\"elementor-field-textual elementor-size-md\" required=\"required\">\n\t\t\t\t\t\t\t\t\t<option value=\"Devenir Adh\u00e9rent\">Devenir Adh\u00e9rent<\/option>\n\t\t\t\t\t\t\t\t\t<option value=\"Adh\u00e9rent \">Adh\u00e9rent <\/option>\n\t\t\t\t\t\t\t\t\t<option value=\"Demande de renseignement\">Demande de renseignement<\/option>\n\t\t\t\t\t\t\t\t\t<option value=\"Demande de rendez-vous \">Demande de rendez-vous <\/option>\n\t\t\t\t\t\t\t\t\t<option value=\"Participer \u00e0 un \u00e9v\u00e8nement\">Participer \u00e0 un \u00e9v\u00e8nement<\/option>\n\t\t\t\t\t\t\t\t\t<option value=\"Ensemble, offrons un sourire pour No\u00ebl \ud83e\udd70\">Ensemble, offrons un sourire pour No\u00ebl \ud83e\udd70<\/option>\n\t\t\t\t\t\t\t\t\t<option value=\"Partenariats\/Professionnels\">Partenariats\/Professionnels<\/option>\n\t\t\t\t\t\t\t\t\t<option value=\"Autres\">Autres<\/option>\n\t\t\t\t\t\t\t<\/select>\n\t\t<\/div>\n\t\t\t\t\t\t<\/div>\n\t\t\t\t\t\t\t\t<div class=\"elementor-field-type-textarea elementor-field-group elementor-column elementor-field-group-message elementor-col-100 elementor-field-required\">\n\t\t\t\t\t\t\t\t\t\t\t\t<label for=\"form-field-message\" class=\"elementor-field-label elementor-screen-only\">\n\t\t\t\t\t\t\t\tMessage\t\t\t\t\t\t\t<\/label>\n\t\t\t\t\t\t<textarea class=\"elementor-field-textual elementor-field  elementor-size-md\" name=\"form_fields[message]\" id=\"form-field-message\" rows=\"16\" placeholder=\"Message\" required=\"required\"><\/textarea>\t\t\t\t<\/div>\n\t\t\t\t\t\t\t\t<div class=\"elementor-field-type-acceptance elementor-field-group elementor-column elementor-field-group-acceptation elementor-col-100 elementor-field-required\">\n\t\t\t\t\t\t\t\t\t\t\t\t<label for=\"form-field-acceptation\" class=\"elementor-field-label elementor-screen-only\">\n\t\t\t\t\t\t\t\tAcceptation\t\t\t\t\t\t\t<\/label>\n\t\t\t\t\t\t\t\t<div class=\"elementor-field-subgroup\">\n\t\t\t<span class=\"elementor-field-option\">\n\t\t\t\t<input type=\"checkbox\" name=\"form_fields[acceptation]\" id=\"form-field-acceptation\" class=\"elementor-field elementor-size-md  elementor-acceptance-field\" required=\"required\">\n\t\t\t\t<label for=\"form-field-acceptation\">En utilisant ce formulaire vous autorisez La Mutuelle de France Unie - Section Rh\u00f4ne-Loire & autres d\u00e9partements \u00e0 utiliser vos informations pour r\u00e9pondre \u00e0 votre demande. Aucune donn\u00e9e n'est c\u00e9d\u00e9e \u00e0 des tiers. <\/label>\t\t\t<\/span>\n\t\t<\/div>\n\t\t\t\t\t\t<\/div>\n\t\t\t\t\t\t\t\t<div class=\"elementor-field-group elementor-column elementor-field-type-submit elementor-col-20 e-form__buttons elementor-md-30\">\n\t\t\t\t\t<button class=\"elementor-button elementor-size-sm\" type=\"submit\">\n\t\t\t\t\t\t<span class=\"elementor-button-content-wrapper\">\n\t\t\t\t\t\t\t\t\t\t\t\t\t\t\t\t\t\t\t\t\t\t<span class=\"elementor-button-text\">Envoyer le formulaire<\/span>\n\t\t\t\t\t\t\t\t\t\t\t\t\t<\/span>\n\t\t\t\t\t<\/button>\n\t\t\t\t<\/div>\n\t\t\t<\/div>\n\t\t<\/form>\n\t\t\t\t\t\t<\/div>\n\t\t\t\t\t<\/div>\n\t\t\t\t<\/div>\n\t\t<div class=\"elementor-element elementor-element-9146ead e-flex e-con-boxed e-con e-parent\" data-id=\"9146ead\" data-element_type=\"container\">\n\t\t\t\t\t<div class=\"e-con-inner\">\n\t\t\t\t<div class=\"elementor-element elementor-element-3a10e87 elementor-widget-divider--view-line elementor-widget elementor-widget-divider\" data-id=\"3a10e87\" data-element_type=\"widget\" data-widget_type=\"divider.default\">\n\t\t\t\t\t\t\t<div class=\"elementor-divider\">\n\t\t\t<span class=\"elementor-divider-separator\">\n\t\t\t\t\t\t<\/span>\n\t\t<\/div>\n\t\t\t\t\t\t<\/div>\n\t\t\t\t\t<\/div>\n\t\t\t\t<\/div>\n\t\t\t\t<\/div>\n\t\t","protected":false},"excerpt":{"rendered":"<p>Donnez-nous votre avis, votre ressenti ou juste un petit mot Donnez-nous votre avis, votre ressenti ou juste un petit mot Votre parole compte ! Que vous soyez adh\u00e9rent de longue [&hellip;]<\/p>\n","protected":false},"author":1,"featured_media":0,"parent":0,"menu_order":0,"comment_status":"closed","ping_status":"closed","template":"","meta":{"footnotes":""},"class_list":["post-19","page","type-page","status-publish","hentry"],"yoast_head":"<!-- This site is optimized with the Yoast SEO plugin v26.6 - https:\/\/yoast.com\/wordpress\/plugins\/seo\/ -->\n<title>Mutuelle de France Unie | Renseignement, demande remplissez le formulaire de contact<\/title>\n<meta name=\"description\" content=\"Une question, un renseignement ou un besoin d\u2019accompagnement ? \u00c9crivez-nous via le formulaire, nous sommes \u00e0 votre \u00e9coute.\" \/>\n<meta name=\"robots\" content=\"index, follow, max-snippet:-1, max-image-preview:large, max-video-preview:-1\" \/>\n<link rel=\"canonical\" href=\"https:\/\/mfu-section-rhone-loire.fr\/index.php\/renseignement-demande-remplissez-le-formulaire-de-contact\/\" \/>\n<meta property=\"og:locale\" content=\"fr_FR\" \/>\n<meta property=\"og:type\" content=\"article\" \/>\n<meta property=\"og:title\" content=\"Mutuelle de France Unie | Renseignement, demande remplissez le formulaire de contact\" \/>\n<meta property=\"og:description\" content=\"Une question, un renseignement ou un besoin d\u2019accompagnement ? \u00c9crivez-nous via le formulaire, nous sommes \u00e0 votre \u00e9coute.\" \/>\n<meta property=\"og:url\" content=\"https:\/\/mfu-section-rhone-loire.fr\/index.php\/renseignement-demande-remplissez-le-formulaire-de-contact\/\" \/>\n<meta property=\"og:site_name\" content=\"Mutuelle de France Unie\" \/>\n<meta property=\"article:modified_time\" content=\"2026-01-06T14:49:13+00:00\" \/>\n<meta name=\"twitter:card\" content=\"summary_large_image\" \/>\n<meta name=\"twitter:label1\" content=\"Dur\u00e9e de lecture estim\u00e9e\" \/>\n\t<meta name=\"twitter:data1\" content=\"2 minutes\" \/>\n<script type=\"application\/ld+json\" class=\"yoast-schema-graph\">{\"@context\":\"https:\/\/schema.org\",\"@graph\":[{\"@type\":\"WebPage\",\"@id\":\"https:\/\/mfu-section-rhone-loire.fr\/index.php\/renseignement-demande-remplissez-le-formulaire-de-contact\/\",\"url\":\"https:\/\/mfu-section-rhone-loire.fr\/index.php\/renseignement-demande-remplissez-le-formulaire-de-contact\/\",\"name\":\"Mutuelle de France Unie | Renseignement, demande remplissez le formulaire de contact\",\"isPartOf\":{\"@id\":\"https:\/\/mfu-section-rhone-loire.fr\/#website\"},\"datePublished\":\"2025-08-11T12:38:56+00:00\",\"dateModified\":\"2026-01-06T14:49:13+00:00\",\"description\":\"Une question, un renseignement ou un besoin d\u2019accompagnement ? \u00c9crivez-nous via le formulaire, nous sommes \u00e0 votre \u00e9coute.\",\"breadcrumb\":{\"@id\":\"https:\/\/mfu-section-rhone-loire.fr\/index.php\/renseignement-demande-remplissez-le-formulaire-de-contact\/#breadcrumb\"},\"inLanguage\":\"fr-FR\",\"potentialAction\":[{\"@type\":\"ReadAction\",\"target\":[\"https:\/\/mfu-section-rhone-loire.fr\/index.php\/renseignement-demande-remplissez-le-formulaire-de-contact\/\"]}]},{\"@type\":\"BreadcrumbList\",\"@id\":\"https:\/\/mfu-section-rhone-loire.fr\/index.php\/renseignement-demande-remplissez-le-formulaire-de-contact\/#breadcrumb\",\"itemListElement\":[{\"@type\":\"ListItem\",\"position\":1,\"name\":\"Home\",\"item\":\"https:\/\/mfu-section-rhone-loire.fr\/\"},{\"@type\":\"ListItem\",\"position\":2,\"name\":\"Contact\"}]},{\"@type\":\"WebSite\",\"@id\":\"https:\/\/mfu-section-rhone-loire.fr\/#website\",\"url\":\"https:\/\/mfu-section-rhone-loire.fr\/\",\"name\":\"Mutuelle de France Unie\",\"description\":\"Section Rh\u00f4ne-Loire &amp; autres d\u00e9partements\",\"publisher\":{\"@id\":\"https:\/\/mfu-section-rhone-loire.fr\/#organization\"},\"potentialAction\":[{\"@type\":\"SearchAction\",\"target\":{\"@type\":\"EntryPoint\",\"urlTemplate\":\"https:\/\/mfu-section-rhone-loire.fr\/?s={search_term_string}\"},\"query-input\":{\"@type\":\"PropertyValueSpecification\",\"valueRequired\":true,\"valueName\":\"search_term_string\"}}],\"inLanguage\":\"fr-FR\"},{\"@type\":\"Organization\",\"@id\":\"https:\/\/mfu-section-rhone-loire.fr\/#organization\",\"name\":\"Mutuelle de France Unie\",\"url\":\"https:\/\/mfu-section-rhone-loire.fr\/\",\"logo\":{\"@type\":\"ImageObject\",\"inLanguage\":\"fr-FR\",\"@id\":\"https:\/\/mfu-section-rhone-loire.fr\/#\/schema\/logo\/image\/\",\"url\":\"https:\/\/mfu-section-rhone-loire.fr\/wp-content\/uploads\/2025\/12\/LOGO.png\",\"contentUrl\":\"https:\/\/mfu-section-rhone-loire.fr\/wp-content\/uploads\/2025\/12\/LOGO.png\",\"width\":508,\"height\":507,\"caption\":\"Mutuelle de France Unie \"},\"image\":{\"@id\":\"https:\/\/mfu-section-rhone-loire.fr\/#\/schema\/logo\/image\/\"}}]}<\/script>\n<!-- \/ Yoast SEO plugin. -->","yoast_head_json":{"title":"Mutuelle de France Unie | Renseignement, demande remplissez le formulaire de contact","description":"Une question, un renseignement ou un besoin d\u2019accompagnement ? \u00c9crivez-nous via le formulaire, nous sommes \u00e0 votre \u00e9coute.","robots":{"index":"index","follow":"follow","max-snippet":"max-snippet:-1","max-image-preview":"max-image-preview:large","max-video-preview":"max-video-preview:-1"},"canonical":"https:\/\/mfu-section-rhone-loire.fr\/index.php\/renseignement-demande-remplissez-le-formulaire-de-contact\/","og_locale":"fr_FR","og_type":"article","og_title":"Mutuelle de France Unie | Renseignement, demande remplissez le formulaire de contact","og_description":"Une question, un renseignement ou un besoin d\u2019accompagnement ? \u00c9crivez-nous via le formulaire, nous sommes \u00e0 votre \u00e9coute.","og_url":"https:\/\/mfu-section-rhone-loire.fr\/index.php\/renseignement-demande-remplissez-le-formulaire-de-contact\/","og_site_name":"Mutuelle de France Unie","article_modified_time":"2026-01-06T14:49:13+00:00","twitter_card":"summary_large_image","twitter_misc":{"Dur\u00e9e de lecture estim\u00e9e":"2 minutes"},"schema":{"@context":"https:\/\/schema.org","@graph":[{"@type":"WebPage","@id":"https:\/\/mfu-section-rhone-loire.fr\/index.php\/renseignement-demande-remplissez-le-formulaire-de-contact\/","url":"https:\/\/mfu-section-rhone-loire.fr\/index.php\/renseignement-demande-remplissez-le-formulaire-de-contact\/","name":"Mutuelle de France Unie | Renseignement, demande remplissez le formulaire de contact","isPartOf":{"@id":"https:\/\/mfu-section-rhone-loire.fr\/#website"},"datePublished":"2025-08-11T12:38:56+00:00","dateModified":"2026-01-06T14:49:13+00:00","description":"Une question, un renseignement ou un besoin d\u2019accompagnement ? \u00c9crivez-nous via le formulaire, nous sommes \u00e0 votre \u00e9coute.","breadcrumb":{"@id":"https:\/\/mfu-section-rhone-loire.fr\/index.php\/renseignement-demande-remplissez-le-formulaire-de-contact\/#breadcrumb"},"inLanguage":"fr-FR","potentialAction":[{"@type":"ReadAction","target":["https:\/\/mfu-section-rhone-loire.fr\/index.php\/renseignement-demande-remplissez-le-formulaire-de-contact\/"]}]},{"@type":"BreadcrumbList","@id":"https:\/\/mfu-section-rhone-loire.fr\/index.php\/renseignement-demande-remplissez-le-formulaire-de-contact\/#breadcrumb","itemListElement":[{"@type":"ListItem","position":1,"name":"Home","item":"https:\/\/mfu-section-rhone-loire.fr\/"},{"@type":"ListItem","position":2,"name":"Contact"}]},{"@type":"WebSite","@id":"https:\/\/mfu-section-rhone-loire.fr\/#website","url":"https:\/\/mfu-section-rhone-loire.fr\/","name":"Mutuelle de France Unie","description":"Section Rh\u00f4ne-Loire &amp; autres d\u00e9partements","publisher":{"@id":"https:\/\/mfu-section-rhone-loire.fr\/#organization"},"potentialAction":[{"@type":"SearchAction","target":{"@type":"EntryPoint","urlTemplate":"https:\/\/mfu-section-rhone-loire.fr\/?s={search_term_string}"},"query-input":{"@type":"PropertyValueSpecification","valueRequired":true,"valueName":"search_term_string"}}],"inLanguage":"fr-FR"},{"@type":"Organization","@id":"https:\/\/mfu-section-rhone-loire.fr\/#organization","name":"Mutuelle de France Unie","url":"https:\/\/mfu-section-rhone-loire.fr\/","logo":{"@type":"ImageObject","inLanguage":"fr-FR","@id":"https:\/\/mfu-section-rhone-loire.fr\/#\/schema\/logo\/image\/","url":"https:\/\/mfu-section-rhone-loire.fr\/wp-content\/uploads\/2025\/12\/LOGO.png","contentUrl":"https:\/\/mfu-section-rhone-loire.fr\/wp-content\/uploads\/2025\/12\/LOGO.png","width":508,"height":507,"caption":"Mutuelle de France Unie "},"image":{"@id":"https:\/\/mfu-section-rhone-loire.fr\/#\/schema\/logo\/image\/"}}]}},"_links":{"self":[{"href":"https:\/\/mfu-section-rhone-loire.fr\/index.php\/wp-json\/wp\/v2\/pages\/19","targetHints":{"allow":["GET"]}}],"collection":[{"href":"https:\/\/mfu-section-rhone-loire.fr\/index.php\/wp-json\/wp\/v2\/pages"}],"about":[{"href":"https:\/\/mfu-section-rhone-loire.fr\/index.php\/wp-json\/wp\/v2\/types\/page"}],"author":[{"embeddable":true,"href":"https:\/\/mfu-section-rhone-loire.fr\/index.php\/wp-json\/wp\/v2\/users\/1"}],"replies":[{"embeddable":true,"href":"https:\/\/mfu-section-rhone-loire.fr\/index.php\/wp-json\/wp\/v2\/comments?post=19"}],"version-history":[{"count":9,"href":"https:\/\/mfu-section-rhone-loire.fr\/index.php\/wp-json\/wp\/v2\/pages\/19\/revisions"}],"predecessor-version":[{"id":2439,"href":"https:\/\/mfu-section-rhone-loire.fr\/index.php\/wp-json\/wp\/v2\/pages\/19\/revisions\/2439"}],"wp:attachment":[{"href":"https:\/\/mfu-section-rhone-loire.fr\/index.php\/wp-json\/wp\/v2\/media?parent=19"}],"curies":[{"name":"wp","href":"https:\/\/api.w.org\/{rel}","templated":true}]}}